{"id":6774,"date":"2024-02-28T08:54:57","date_gmt":"2024-02-28T08:54:57","guid":{"rendered":"https:\/\/alliyanz.icom-digital.net\/future-projects\/"},"modified":"2024-03-12T20:12:43","modified_gmt":"2024-03-12T20:12:43","slug":"projets-davenir","status":"publish","type":"page","link":"https:\/\/alliyanz.icom-digital.net\/fr\/projets-davenir\/","title":{"rendered":"Projets d&#8217;avenir"},"content":{"rendered":"\t\t<div data-elementor-type=\"wp-page\" data-elementor-id=\"6774\" class=\"elementor elementor-6774\">\n\t\t\t\t\t\t<section class=\"elementor-section elementor-top-section elementor-element elementor-element-a000f8a elementor-section-height-min-height elementor-section-boxed elementor-section-height-default elementor-section-items-middle wpr-particle-no wpr-jarallax-no wpr-parallax-no wpr-sticky-section-no\" data-id=\"a000f8a\" data-element_type=\"section\" data-settings=\"{&quot;background_background&quot;:&quot;classic&quot;,&quot;_ha_eqh_enable&quot;:false}\">\n\t\t\t\t\t\t\t<div class=\"elementor-background-overlay\"><\/div>\n\t\t\t\t\t\t\t<div class=\"elementor-container elementor-column-gap-default\">\n\t\t\t\t\t<div class=\"elementor-column elementor-col-100 elementor-top-column elementor-element elementor-element-4821d4e\" data-id=\"4821d4e\" data-element_type=\"column\">\n\t\t\t<div class=\"elementor-widget-wrap elementor-element-populated\">\n\t\t\t\t\t\t<div class=\"elementor-element elementor-element-64baa51 elementor-widget elementor-widget-heading\" data-id=\"64baa51\" data-element_type=\"widget\" data-widget_type=\"heading.default\">\n\t\t\t\t<div class=\"elementor-widget-container\">\n\t\t\t<style>\/*! elementor - v3.19.0 - 28-02-2024 *\/\n.elementor-heading-title{padding:0;margin:0;line-height:1}.elementor-widget-heading .elementor-heading-title[class*=elementor-size-]>a{color:inherit;font-size:inherit;line-height:inherit}.elementor-widget-heading .elementor-heading-title.elementor-size-small{font-size:15px}.elementor-widget-heading .elementor-heading-title.elementor-size-medium{font-size:19px}.elementor-widget-heading .elementor-heading-title.elementor-size-large{font-size:29px}.elementor-widget-heading .elementor-heading-title.elementor-size-xl{font-size:39px}.elementor-widget-heading .elementor-heading-title.elementor-size-xxl{font-size:59px}<\/style><h2 class=\"elementor-heading-title elementor-size-default\">Projets d'avenir<\/h2>\t\t<\/div>\n\t\t\t\t<\/div>\n\t\t\t\t<div class=\"elementor-element elementor-element-778b44b elementor-widget-divider--view-line elementor-widget elementor-widget-divider\" data-id=\"778b44b\" data-element_type=\"widget\" data-widget_type=\"divider.default\">\n\t\t\t\t<div class=\"elementor-widget-container\">\n\t\t\t<style>\/*! elementor - v3.19.0 - 28-02-2024 *\/\n.elementor-widget-divider{--divider-border-style:none;--divider-border-width:1px;--divider-color:#0c0d0e;--divider-icon-size:20px;--divider-element-spacing:10px;--divider-pattern-height:24px;--divider-pattern-size:20px;--divider-pattern-url:none;--divider-pattern-repeat:repeat-x}.elementor-widget-divider .elementor-divider{display:flex}.elementor-widget-divider .elementor-divider__text{font-size:15px;line-height:1;max-width:95%}.elementor-widget-divider .elementor-divider__element{margin:0 var(--divider-element-spacing);flex-shrink:0}.elementor-widget-divider .elementor-icon{font-size:var(--divider-icon-size)}.elementor-widget-divider .elementor-divider-separator{display:flex;margin:0;direction:ltr}.elementor-widget-divider--view-line_icon .elementor-divider-separator,.elementor-widget-divider--view-line_text .elementor-divider-separator{align-items:center}.elementor-widget-divider--view-line_icon .elementor-divider-separator:after,.elementor-widget-divider--view-line_icon .elementor-divider-separator:before,.elementor-widget-divider--view-line_text .elementor-divider-separator:after,.elementor-widget-divider--view-line_text .elementor-divider-separator:before{display:block;content:\"\";border-block-end:0;flex-grow:1;border-block-start:var(--divider-border-width) var(--divider-border-style) var(--divider-color)}.elementor-widget-divider--element-align-left .elementor-divider .elementor-divider-separator>.elementor-divider__svg:first-of-type{flex-grow:0;flex-shrink:100}.elementor-widget-divider--element-align-left .elementor-divider-separator:before{content:none}.elementor-widget-divider--element-align-left .elementor-divider__element{margin-left:0}.elementor-widget-divider--element-align-right .elementor-divider .elementor-divider-separator>.elementor-divider__svg:last-of-type{flex-grow:0;flex-shrink:100}.elementor-widget-divider--element-align-right .elementor-divider-separator:after{content:none}.elementor-widget-divider--element-align-right .elementor-divider__element{margin-right:0}.elementor-widget-divider--element-align-start .elementor-divider .elementor-divider-separator>.elementor-divider__svg:first-of-type{flex-grow:0;flex-shrink:100}.elementor-widget-divider--element-align-start .elementor-divider-separator:before{content:none}.elementor-widget-divider--element-align-start .elementor-divider__element{margin-inline-start:0}.elementor-widget-divider--element-align-end .elementor-divider .elementor-divider-separator>.elementor-divider__svg:last-of-type{flex-grow:0;flex-shrink:100}.elementor-widget-divider--element-align-end .elementor-divider-separator:after{content:none}.elementor-widget-divider--element-align-end .elementor-divider__element{margin-inline-end:0}.elementor-widget-divider:not(.elementor-widget-divider--view-line_text):not(.elementor-widget-divider--view-line_icon) .elementor-divider-separator{border-block-start:var(--divider-border-width) var(--divider-border-style) var(--divider-color)}.elementor-widget-divider--separator-type-pattern{--divider-border-style:none}.elementor-widget-divider--separator-type-pattern.elementor-widget-divider--view-line .elementor-divider-separator,.elementor-widget-divider--separator-type-pattern:not(.elementor-widget-divider--view-line) .elementor-divider-separator:after,.elementor-widget-divider--separator-type-pattern:not(.elementor-widget-divider--view-line) .elementor-divider-separator:before,.elementor-widget-divider--separator-type-pattern:not([class*=elementor-widget-divider--view]) .elementor-divider-separator{width:100%;min-height:var(--divider-pattern-height);-webkit-mask-size:var(--divider-pattern-size) 100%;mask-size:var(--divider-pattern-size) 100%;-webkit-mask-repeat:var(--divider-pattern-repeat);mask-repeat:var(--divider-pattern-repeat);background-color:var(--divider-color);-webkit-mask-image:var(--divider-pattern-url);mask-image:var(--divider-pattern-url)}.elementor-widget-divider--no-spacing{--divider-pattern-size:auto}.elementor-widget-divider--bg-round{--divider-pattern-repeat:round}.rtl .elementor-widget-divider .elementor-divider__text{direction:rtl}.e-con-inner>.elementor-widget-divider,.e-con>.elementor-widget-divider{width:var(--container-widget-width,100%);--flex-grow:var(--container-widget-flex-grow)}<\/style>\t\t<div class=\"elementor-divider\">\n\t\t\t<span class=\"elementor-divider-separator\">\n\t\t\t\t\t\t<\/span>\n\t\t<\/div>\n\t\t\t\t<\/div>\n\t\t\t\t<\/div>\n\t\t\t\t\t<\/div>\n\t\t<\/div>\n\t\t\t\t\t<\/div>\n\t\t<\/section>\n\t\t\t\t<section class=\"elementor-section elementor-top-section elementor-element elementor-element-f2120c9 elementor-section-boxed elementor-section-height-default elementor-section-height-default wpr-particle-no wpr-jarallax-no wpr-parallax-no wpr-sticky-section-no\" data-id=\"f2120c9\" data-element_type=\"section\" data-settings=\"{&quot;_ha_eqh_enable&quot;:false}\">\n\t\t\t\t\t\t<div class=\"elementor-container elementor-column-gap-default\">\n\t\t\t\t\t<div class=\"elementor-column elementor-col-100 elementor-top-column elementor-element elementor-element-d7264a5\" data-id=\"d7264a5\" data-element_type=\"column\">\n\t\t\t<div class=\"elementor-widget-wrap elementor-element-populated\">\n\t\t\t\t\t\t<section class=\"elementor-section elementor-inner-section elementor-element elementor-element-50a059f elementor-section-boxed elementor-section-height-default elementor-section-height-default wpr-particle-no wpr-jarallax-no wpr-parallax-no wpr-sticky-section-no\" data-id=\"50a059f\" data-element_type=\"section\" data-settings=\"{&quot;_ha_eqh_enable&quot;:false}\">\n\t\t\t\t\t\t<div class=\"elementor-container elementor-column-gap-default\">\n\t\t\t\t\t<div class=\"elementor-column elementor-col-50 elementor-inner-column elementor-element elementor-element-758d4c8\" data-id=\"758d4c8\" data-element_type=\"column\">\n\t\t\t<div class=\"elementor-widget-wrap elementor-element-populated\">\n\t\t\t\t\t\t<div class=\"elementor-element elementor-element-582c384 elementor-widget-divider--view-line elementor-invisible elementor-widget elementor-widget-divider\" data-id=\"582c384\" data-element_type=\"widget\" data-settings=\"{&quot;_animation&quot;:&quot;fadeInDown&quot;}\" data-widget_type=\"divider.default\">\n\t\t\t\t<div class=\"elementor-widget-container\">\n\t\t\t\t\t<div class=\"elementor-divider\">\n\t\t\t<span class=\"elementor-divider-separator\">\n\t\t\t\t\t\t<\/span>\n\t\t<\/div>\n\t\t\t\t<\/div>\n\t\t\t\t<\/div>\n\t\t\t\t\t<\/div>\n\t\t<\/div>\n\t\t\t\t<div class=\"elementor-column elementor-col-50 elementor-inner-column elementor-element elementor-element-a96c3ec\" data-id=\"a96c3ec\" data-element_type=\"column\">\n\t\t\t<div class=\"elementor-widget-wrap elementor-element-populated\">\n\t\t\t\t\t\t<div class=\"elementor-element elementor-element-86cd135 elementor-invisible elementor-widget elementor-widget-heading\" data-id=\"86cd135\" data-element_type=\"widget\" id=\"Bank\" data-settings=\"{&quot;_animation&quot;:&quot;fadeInDown&quot;}\" data-widget_type=\"heading.default\">\n\t\t\t\t<div class=\"elementor-widget-container\">\n\t\t\t<h3 class=\"elementor-heading-title elementor-size-default\">Banque de techno du future<\/h3>\t\t<\/div>\n\t\t\t\t<\/div>\n\t\t\t\t\t<\/div>\n\t\t<\/div>\n\t\t\t\t\t<\/div>\n\t\t<\/section>\n\t\t\t\t<section class=\"elementor-section elementor-inner-section elementor-element elementor-element-28adfa0 elementor-section-boxed elementor-section-height-default elementor-section-height-default wpr-particle-no wpr-jarallax-no wpr-parallax-no wpr-sticky-section-no\" data-id=\"28adfa0\" data-element_type=\"section\" data-settings=\"{&quot;_ha_eqh_enable&quot;:false}\">\n\t\t\t\t\t\t<div class=\"elementor-container elementor-column-gap-default\">\n\t\t\t\t\t<div class=\"elementor-column elementor-col-50 elementor-inner-column elementor-element elementor-element-d197f93\" data-id=\"d197f93\" data-element_type=\"column\">\n\t\t\t<div class=\"elementor-widget-wrap elementor-element-populated\">\n\t\t\t\t\t\t<div class=\"elementor-element elementor-element-64a67ed elementor-invisible elementor-widget elementor-widget-image\" data-id=\"64a67ed\" data-element_type=\"widget\" data-settings=\"{&quot;_animation&quot;:&quot;fadeInLeft&quot;}\" data-widget_type=\"image.default\">\n\t\t\t\t<div class=\"elementor-widget-container\">\n\t\t\t<style>\/*! elementor - v3.19.0 - 28-02-2024 *\/\n.elementor-widget-image{text-align:center}.elementor-widget-image a{display:inline-block}.elementor-widget-image a img[src$=\".svg\"]{width:48px}.elementor-widget-image img{vertical-align:middle;display:inline-block}<\/style>\t\t\t\t\t\t\t\t\t\t<img fetchpriority=\"high\" decoding=\"async\" width=\"564\" height=\"564\" src=\"https:\/\/alliyanz.icom-digital.net\/wp-content\/uploads\/2024\/02\/c89ca484e145aa5c2008eeee945d29f8.jpg\" class=\"attachment-large size-large wp-image-2165\" alt=\"\" srcset=\"https:\/\/alliyanz.icom-digital.net\/wp-content\/uploads\/2024\/02\/c89ca484e145aa5c2008eeee945d29f8.jpg 564w, https:\/\/alliyanz.icom-digital.net\/wp-content\/uploads\/2024\/02\/c89ca484e145aa5c2008eeee945d29f8-300x300.jpg 300w, https:\/\/alliyanz.icom-digital.net\/wp-content\/uploads\/2024\/02\/c89ca484e145aa5c2008eeee945d29f8-150x150.jpg 150w\" sizes=\"(max-width: 564px) 100vw, 564px\" \/>\t\t\t\t\t\t\t\t\t\t\t\t\t<\/div>\n\t\t\t\t<\/div>\n\t\t\t\t\t<\/div>\n\t\t<\/div>\n\t\t\t\t<div class=\"elementor-column elementor-col-50 elementor-inner-column elementor-element elementor-element-0303ecd\" data-id=\"0303ecd\" data-element_type=\"column\">\n\t\t\t<div class=\"elementor-widget-wrap elementor-element-populated\">\n\t\t\t\t\t\t<div class=\"elementor-element elementor-element-a422140 elementor-invisible elementor-widget elementor-widget-heading\" data-id=\"a422140\" data-element_type=\"widget\" data-settings=\"{&quot;_animation&quot;:&quot;fadeInDown&quot;}\" data-widget_type=\"heading.default\">\n\t\t\t\t<div class=\"elementor-widget-container\">\n\t\t\t<h3 class=\"elementor-heading-title elementor-size-default\">D\u00e9tails du projet<\/h3>\t\t<\/div>\n\t\t\t\t<\/div>\n\t\t\t\t<div class=\"elementor-element elementor-element-66a152b elementor-widget-divider--view-line elementor-invisible elementor-widget elementor-widget-divider\" data-id=\"66a152b\" data-element_type=\"widget\" data-settings=\"{&quot;_animation&quot;:&quot;fadeInDown&quot;}\" data-widget_type=\"divider.default\">\n\t\t\t\t<div class=\"elementor-widget-container\">\n\t\t\t\t\t<div class=\"elementor-divider\">\n\t\t\t<span class=\"elementor-divider-separator\">\n\t\t\t\t\t\t<\/span>\n\t\t<\/div>\n\t\t\t\t<\/div>\n\t\t\t\t<\/div>\n\t\t\t\t<div class=\"elementor-element elementor-element-020e122 elementor-invisible elementor-widget elementor-widget-text-editor\" data-id=\"020e122\" data-element_type=\"widget\" data-settings=\"{&quot;_animation&quot;:&quot;fadeInRight&quot;}\" data-widget_type=\"text-editor.default\">\n\t\t\t\t<div class=\"elementor-widget-container\">\n\t\t\t<style>\/*! elementor - v3.19.0 - 28-02-2024 *\/\n.elementor-widget-text-editor.elementor-drop-cap-view-stacked .elementor-drop-cap{background-color:#69727d;color:#fff}.elementor-widget-text-editor.elementor-drop-cap-view-framed .elementor-drop-cap{color:#69727d;border:3px solid;background-color:transparent}.elementor-widget-text-editor:not(.elementor-drop-cap-view-default) .elementor-drop-cap{margin-top:8px}.elementor-widget-text-editor:not(.elementor-drop-cap-view-default) .elementor-drop-cap-letter{width:1em;height:1em}.elementor-widget-text-editor .elementor-drop-cap{float:left;text-align:center;line-height:1;font-size:50px}.elementor-widget-text-editor .elementor-drop-cap-letter{display:inline-block}<\/style>\t\t\t\t<p>Gr\u00e2ce \u00e0 son effort infatigable \u00e0 l&#8217;unicit\u00e9 et \u00e0 l&#8217;excellence, dans le groupe Holding Allianz, nous sommes en train d&#8217;obtenir une licence pour la premi\u00e8re banque au monde sp\u00e9cialis\u00e9e dans le financement et la mise en \u0153uvre de projets d&#8217;investissement dans le secteur de la technologie, des logiciels et de l&#8217;intelligence artificielle.<\/p>\t\t\t\t\t\t<\/div>\n\t\t\t\t<\/div>\n\t\t\t\t<div class=\"elementor-element elementor-element-814212c elementor-invisible elementor-widget elementor-widget-ha-image-stack-group happy-addon ha-image-stack-group\" data-id=\"814212c\" data-element_type=\"widget\" data-settings=\"{&quot;_animation&quot;:&quot;zoomIn&quot;}\" data-widget_type=\"ha-image-stack-group.default\">\n\t\t\t\t<div class=\"elementor-widget-container\">\n\t\t\t\n\t\t<div class=\"ha-cig\">\n\t\t\t<span class=\"ha-cig-item ha-cig-item-outline elementor-repeater-item-492d8c8\" ><img decoding=\"async\" src=\"http:\/\/alliyanz.icom-digital.net\/wp-content\/uploads\/2024\/02\/94fb10a8dad7730c5e479c8eec5ce850.jpg\" alt=\"\"><\/span><span class=\"ha-cig-item ha-cig-item-outline elementor-repeater-item-cc4b0e5\" ><img decoding=\"async\" src=\"http:\/\/alliyanz.icom-digital.net\/wp-content\/uploads\/2024\/02\/92e7c3fb03b219f3ac28ed08bdc3f3f9.jpg\" alt=\"\"><\/span><span class=\"ha-cig-item ha-cig-item-outline elementor-repeater-item-a502338\" ><img decoding=\"async\" src=\"http:\/\/alliyanz.icom-digital.net\/wp-content\/uploads\/2024\/02\/Ways-to-Make-Money-Online-That-Seem-Great-but-Just-Arent-Realistic-_-Entrepreneur.jpg\" alt=\"\"><\/span><span class=\"ha-cig-item ha-cig-item-outline elementor-repeater-item-972b570\" ><img decoding=\"async\" src=\"http:\/\/alliyanz.icom-digital.net\/wp-content\/uploads\/2024\/02\/bf0c4c7598a3264c50fdfd0805270d40.jpg\" alt=\"\"><\/span><span class=\"ha-cig-item ha-cig-item-outline elementor-repeater-item-3f71b34\" ><img decoding=\"async\" src=\"http:\/\/alliyanz.icom-digital.net\/wp-content\/uploads\/2024\/02\/Ways-to-Make-Money-Online-That-Seem-Great-but-Just-Arent-Realistic-_-Entrepreneur.jpg\" alt=\"\"><\/span><span class=\"ha-cig-item ha-cig-item-outline elementor-repeater-item-ac139e1\" ><img decoding=\"async\" src=\"http:\/\/alliyanz.icom-digital.net\/wp-content\/uploads\/2024\/02\/bf0c4c7598a3264c50fdfd0805270d40.jpg\" alt=\"\"><\/span><span class=\"ha-cig-item ha-cig-item-outline elementor-repeater-item-c46bc2d\" ><img decoding=\"async\" src=\"http:\/\/alliyanz.icom-digital.net\/wp-content\/uploads\/2024\/02\/94fb10a8dad7730c5e479c8eec5ce850.jpg\" alt=\"\"><\/span>\n\t\t<\/div>\n\n\t\t\t\t<\/div>\n\t\t\t\t<\/div>\n\t\t\t\t\t<\/div>\n\t\t<\/div>\n\t\t\t\t\t<\/div>\n\t\t<\/section>\n\t\t\t\t\t<\/div>\n\t\t<\/div>\n\t\t\t\t\t<\/div>\n\t\t<\/section>\n\t\t\t\t<section class=\"elementor-section elementor-top-section elementor-element elementor-element-15571e0 elementor-section-boxed elementor-section-height-default elementor-section-height-default wpr-particle-no wpr-jarallax-no wpr-parallax-no wpr-sticky-section-no\" data-id=\"15571e0\" data-element_type=\"section\" data-settings=\"{&quot;_ha_eqh_enable&quot;:false}\">\n\t\t\t\t\t\t<div class=\"elementor-container elementor-column-gap-default\">\n\t\t\t\t\t<div class=\"elementor-column elementor-col-100 elementor-top-column elementor-element elementor-element-592bed0\" data-id=\"592bed0\" data-element_type=\"column\">\n\t\t\t<div class=\"elementor-widget-wrap elementor-element-populated\">\n\t\t\t\t\t\t<section class=\"elementor-section elementor-inner-section elementor-element elementor-element-d431793 elementor-section-boxed elementor-section-height-default elementor-section-height-default wpr-particle-no wpr-jarallax-no wpr-parallax-no wpr-sticky-section-no\" data-id=\"d431793\" data-element_type=\"section\" data-settings=\"{&quot;_ha_eqh_enable&quot;:false}\">\n\t\t\t\t\t\t<div class=\"elementor-container elementor-column-gap-default\">\n\t\t\t\t\t<div class=\"elementor-column elementor-col-50 elementor-inner-column elementor-element elementor-element-f23464f\" data-id=\"f23464f\" data-element_type=\"column\">\n\t\t\t<div class=\"elementor-widget-wrap elementor-element-populated\">\n\t\t\t\t\t\t<div class=\"elementor-element elementor-element-3c73e43 elementor-widget-divider--view-line elementor-invisible elementor-widget elementor-widget-divider\" data-id=\"3c73e43\" data-element_type=\"widget\" data-settings=\"{&quot;_animation&quot;:&quot;fadeInDown&quot;}\" data-widget_type=\"divider.default\">\n\t\t\t\t<div class=\"elementor-widget-container\">\n\t\t\t\t\t<div class=\"elementor-divider\">\n\t\t\t<span class=\"elementor-divider-separator\">\n\t\t\t\t\t\t<\/span>\n\t\t<\/div>\n\t\t\t\t<\/div>\n\t\t\t\t<\/div>\n\t\t\t\t\t<\/div>\n\t\t<\/div>\n\t\t\t\t<div class=\"elementor-column elementor-col-50 elementor-inner-column elementor-element elementor-element-ef2cfe4\" data-id=\"ef2cfe4\" data-element_type=\"column\">\n\t\t\t<div class=\"elementor-widget-wrap elementor-element-populated\">\n\t\t\t\t\t\t<div class=\"elementor-element elementor-element-3f27a7d elementor-invisible elementor-widget elementor-widget-heading\" data-id=\"3f27a7d\" data-element_type=\"widget\" id=\"air\" data-settings=\"{&quot;_animation&quot;:&quot;fadeInDown&quot;}\" data-widget_type=\"heading.default\">\n\t\t\t\t<div class=\"elementor-widget-container\">\n\t\t\t<h3 class=\"elementor-heading-title elementor-size-default\">Alliyanz Aviation<\/h3>\t\t<\/div>\n\t\t\t\t<\/div>\n\t\t\t\t\t<\/div>\n\t\t<\/div>\n\t\t\t\t\t<\/div>\n\t\t<\/section>\n\t\t\t\t<section class=\"elementor-section elementor-inner-section elementor-element elementor-element-a470ace elementor-section-boxed elementor-section-height-default elementor-section-height-default wpr-particle-no wpr-jarallax-no wpr-parallax-no wpr-sticky-section-no\" data-id=\"a470ace\" data-element_type=\"section\" data-settings=\"{&quot;_ha_eqh_enable&quot;:false}\">\n\t\t\t\t\t\t<div class=\"elementor-container elementor-column-gap-default\">\n\t\t\t\t\t<div class=\"elementor-column elementor-col-50 elementor-inner-column elementor-element elementor-element-faa476c\" data-id=\"faa476c\" data-element_type=\"column\">\n\t\t\t<div class=\"elementor-widget-wrap elementor-element-populated\">\n\t\t\t\t\t\t<div class=\"elementor-element elementor-element-f1bbc95 elementor-invisible elementor-widget elementor-widget-image\" data-id=\"f1bbc95\" data-element_type=\"widget\" data-settings=\"{&quot;_animation&quot;:&quot;fadeInLeft&quot;}\" data-widget_type=\"image.default\">\n\t\t\t\t<div class=\"elementor-widget-container\">\n\t\t\t\t\t\t\t\t\t\t\t\t\t<img decoding=\"async\" width=\"564\" height=\"564\" src=\"https:\/\/alliyanz.icom-digital.net\/wp-content\/uploads\/2024\/03\/0fe110df8fc159edb64a81afa51561ef.jpg\" class=\"attachment-large size-large wp-image-3283\" alt=\"\" srcset=\"https:\/\/alliyanz.icom-digital.net\/wp-content\/uploads\/2024\/03\/0fe110df8fc159edb64a81afa51561ef.jpg 564w, https:\/\/alliyanz.icom-digital.net\/wp-content\/uploads\/2024\/03\/0fe110df8fc159edb64a81afa51561ef-300x300.jpg 300w, https:\/\/alliyanz.icom-digital.net\/wp-content\/uploads\/2024\/03\/0fe110df8fc159edb64a81afa51561ef-150x150.jpg 150w\" sizes=\"(max-width: 564px) 100vw, 564px\" \/>\t\t\t\t\t\t\t\t\t\t\t\t\t<\/div>\n\t\t\t\t<\/div>\n\t\t\t\t\t<\/div>\n\t\t<\/div>\n\t\t\t\t<div class=\"elementor-column elementor-col-50 elementor-inner-column elementor-element elementor-element-70e984f\" data-id=\"70e984f\" data-element_type=\"column\">\n\t\t\t<div class=\"elementor-widget-wrap elementor-element-populated\">\n\t\t\t\t\t\t<div class=\"elementor-element elementor-element-bdcb787 elementor-invisible elementor-widget elementor-widget-heading\" data-id=\"bdcb787\" data-element_type=\"widget\" data-settings=\"{&quot;_animation&quot;:&quot;fadeInDown&quot;}\" data-widget_type=\"heading.default\">\n\t\t\t\t<div class=\"elementor-widget-container\">\n\t\t\t<h3 class=\"elementor-heading-title elementor-size-default\">D\u00e9tails du projet<\/h3>\t\t<\/div>\n\t\t\t\t<\/div>\n\t\t\t\t<div class=\"elementor-element elementor-element-90c6f2b elementor-widget-divider--view-line elementor-invisible elementor-widget elementor-widget-divider\" data-id=\"90c6f2b\" data-element_type=\"widget\" data-settings=\"{&quot;_animation&quot;:&quot;fadeInDown&quot;}\" data-widget_type=\"divider.default\">\n\t\t\t\t<div class=\"elementor-widget-container\">\n\t\t\t\t\t<div class=\"elementor-divider\">\n\t\t\t<span class=\"elementor-divider-separator\">\n\t\t\t\t\t\t<\/span>\n\t\t<\/div>\n\t\t\t\t<\/div>\n\t\t\t\t<\/div>\n\t\t\t\t<div class=\"elementor-element elementor-element-c10fc7d elementor-invisible elementor-widget elementor-widget-text-editor\" data-id=\"c10fc7d\" data-element_type=\"widget\" data-settings=\"{&quot;_animation&quot;:&quot;fadeInRight&quot;}\" data-widget_type=\"text-editor.default\">\n\t\t\t\t<div class=\"elementor-widget-container\">\n\t\t\t\t\t\t\t<p>Avec notre alliance avec les principales compagnies a\u00e9riennes en Europe, Alliyanz Holding aura au cours de l&#8217;ann\u00e9e 2024 la ligne d&#8217;op\u00e9ration de transporteurs a\u00e9riens pour l&#8217;exp\u00e9dition et les passagers avec notre marque.<\/p>\t\t\t\t\t\t<\/div>\n\t\t\t\t<\/div>\n\t\t\t\t<div class=\"elementor-element elementor-element-8e743bb elementor-invisible elementor-widget elementor-widget-ha-image-stack-group happy-addon ha-image-stack-group\" data-id=\"8e743bb\" data-element_type=\"widget\" data-settings=\"{&quot;_animation&quot;:&quot;zoomIn&quot;}\" data-widget_type=\"ha-image-stack-group.default\">\n\t\t\t\t<div class=\"elementor-widget-container\">\n\t\t\t\n\t\t<div class=\"ha-cig\">\n\t\t\t<span class=\"ha-cig-item ha-cig-item-outline elementor-repeater-item-492d8c8\" ><img decoding=\"async\" src=\"http:\/\/alliyanz.icom-digital.net\/wp-content\/uploads\/2024\/02\/94fb10a8dad7730c5e479c8eec5ce850.jpg\" alt=\"\"><\/span><span class=\"ha-cig-item ha-cig-item-outline elementor-repeater-item-cc4b0e5\" ><img decoding=\"async\" src=\"http:\/\/alliyanz.icom-digital.net\/wp-content\/uploads\/2024\/02\/92e7c3fb03b219f3ac28ed08bdc3f3f9.jpg\" alt=\"\"><\/span><span class=\"ha-cig-item ha-cig-item-outline elementor-repeater-item-a502338\" ><img decoding=\"async\" src=\"http:\/\/alliyanz.icom-digital.net\/wp-content\/uploads\/2024\/02\/Ways-to-Make-Money-Online-That-Seem-Great-but-Just-Arent-Realistic-_-Entrepreneur.jpg\" alt=\"\"><\/span><span class=\"ha-cig-item ha-cig-item-outline elementor-repeater-item-972b570\" ><img decoding=\"async\" src=\"http:\/\/alliyanz.icom-digital.net\/wp-content\/uploads\/2024\/02\/bf0c4c7598a3264c50fdfd0805270d40.jpg\" alt=\"\"><\/span><span class=\"ha-cig-item ha-cig-item-outline elementor-repeater-item-3f71b34\" ><img decoding=\"async\" src=\"http:\/\/alliyanz.icom-digital.net\/wp-content\/uploads\/2024\/02\/Ways-to-Make-Money-Online-That-Seem-Great-but-Just-Arent-Realistic-_-Entrepreneur.jpg\" alt=\"\"><\/span><span class=\"ha-cig-item ha-cig-item-outline elementor-repeater-item-ac139e1\" ><img decoding=\"async\" src=\"http:\/\/alliyanz.icom-digital.net\/wp-content\/uploads\/2024\/02\/bf0c4c7598a3264c50fdfd0805270d40.jpg\" alt=\"\"><\/span><span class=\"ha-cig-item ha-cig-item-outline elementor-repeater-item-c46bc2d\" ><img decoding=\"async\" src=\"http:\/\/alliyanz.icom-digital.net\/wp-content\/uploads\/2024\/02\/94fb10a8dad7730c5e479c8eec5ce850.jpg\" alt=\"\"><\/span>\n\t\t<\/div>\n\n\t\t\t\t<\/div>\n\t\t\t\t<\/div>\n\t\t\t\t\t<\/div>\n\t\t<\/div>\n\t\t\t\t\t<\/div>\n\t\t<\/section>\n\t\t\t\t\t<\/div>\n\t\t<\/div>\n\t\t\t\t\t<\/div>\n\t\t<\/section>\n\t\t\t\t<\/div>\n\t\t","protected":false},"excerpt":{"rendered":"<p>Projets d&#8217;avenir Banque de techno du future D\u00e9tails du projet Gr\u00e2ce \u00e0 son effort infatigable \u00e0 l&#8217;unicit\u00e9 et \u00e0 l&#8217;excellence, dans le groupe Holding Allianz, nous sommes en train d&#8217;obtenir une licence pour la premi\u00e8re banque au monde sp\u00e9cialis\u00e9e dans le financement et la mise en \u0153uvre de projets d&#8217;investissement dans le secteur de la [&hellip;]<\/p>\n","protected":false},"author":1,"featured_media":0,"parent":0,"menu_order":0,"comment_status":"closed","ping_status":"closed","template":"","meta":{"footnotes":""},"_links":{"self":[{"href":"https:\/\/alliyanz.icom-digital.net\/fr\/wp-json\/wp\/v2\/pages\/6774"}],"collection":[{"href":"https:\/\/alliyanz.icom-digital.net\/fr\/wp-json\/wp\/v2\/pages"}],"about":[{"href":"https:\/\/alliyanz.icom-digital.net\/fr\/wp-json\/wp\/v2\/types\/page"}],"author":[{"embeddable":true,"href":"https:\/\/alliyanz.icom-digital.net\/fr\/wp-json\/wp\/v2\/users\/1"}],"replies":[{"embeddable":true,"href":"https:\/\/alliyanz.icom-digital.net\/fr\/wp-json\/wp\/v2\/comments?post=6774"}],"version-history":[{"count":4,"href":"https:\/\/alliyanz.icom-digital.net\/fr\/wp-json\/wp\/v2\/pages\/6774\/revisions"}],"predecessor-version":[{"id":6778,"href":"https:\/\/alliyanz.icom-digital.net\/fr\/wp-json\/wp\/v2\/pages\/6774\/revisions\/6778"}],"wp:attachment":[{"href":"https:\/\/alliyanz.icom-digital.net\/fr\/wp-json\/wp\/v2\/media?parent=6774"}],"curies":[{"name":"wp","href":"https:\/\/api.w.org\/{rel}","templated":true}]}}